{"id":1132,"date":"2024-02-22T20:48:03","date_gmt":"2024-02-22T18:48:03","guid":{"rendered":"http:\/\/www.fc-kleinwallstadt.de\/?page_id=1132"},"modified":"2024-02-22T21:06:42","modified_gmt":"2024-02-22T19:06:42","slug":"mitgliedsantrag-fck","status":"publish","type":"page","link":"https:\/\/www.fc-kleinwallstadt.de\/?page_id=1132","title":{"rendered":"Mitgliedsantrag"},"content":{"rendered":"<p><strong>Willst Du Mitglied beim FC werden? Die Beitrittserkl\u00e4rung findest Du hier <\/strong>&#8211;&gt; <a href=\"http:\/\/www.fc-kleinwallstadt.de\/wp-content\/uploads\/2024\/02\/Mitgliedsantrag-FCK-2023.pdf\">Mitgliedsantrag FCK 2023<\/a><\/p>\n<p>Die Beitrittserkl\u00e4rung ausf\u00fcllen und einfach an E-Mail: <strong>jh.hornung@t-online.de<\/strong> senden<\/p>\n<p>&nbsp;<\/p>\n","protected":false},"excerpt":{"rendered":"<p>Willst Du Mitglied beim FC werden? Die Beitrittserkl\u00e4rung findest Du hier &#8211;&gt; Mitgliedsantrag FCK 2023 Die Beitrittserkl\u00e4rung ausf\u00fcllen und einfach an E-Mail: jh.hornung@t-online.de senden &nbsp;<\/p>\n","protected":false},"author":1,"featured_media":0,"parent":0,"menu_order":0,"comment_status":"closed","ping_status":"closed","template":"","meta":{"footnotes":"","_links_to":"","_links_to_target":""},"class_list":["post-1132","page","type-page","status-publish","hentry"],"_links":{"self":[{"href":"https:\/\/www.fc-kleinwallstadt.de\/index.php?rest_route=\/wp\/v2\/pages\/1132","targetHints":{"allow":["GET"]}}],"collection":[{"href":"https:\/\/www.fc-kleinwallstadt.de\/index.php?rest_route=\/wp\/v2\/pages"}],"about":[{"href":"https:\/\/www.fc-kleinwallstadt.de\/index.php?rest_route=\/wp\/v2\/types\/page"}],"author":[{"embeddable":true,"href":"https:\/\/www.fc-kleinwallstadt.de\/index.php?rest_route=\/wp\/v2\/users\/1"}],"replies":[{"embeddable":true,"href":"https:\/\/www.fc-kleinwallstadt.de\/index.php?rest_route=%2Fwp%2Fv2%2Fcomments&post=1132"}],"version-history":[{"count":7,"href":"https:\/\/www.fc-kleinwallstadt.de\/index.php?rest_route=\/wp\/v2\/pages\/1132\/revisions"}],"predecessor-version":[{"id":1141,"href":"https:\/\/www.fc-kleinwallstadt.de\/index.php?rest_route=\/wp\/v2\/pages\/1132\/revisions\/1141"}],"wp:attachment":[{"href":"https:\/\/www.fc-kleinwallstadt.de\/index.php?rest_route=%2Fwp%2Fv2%2Fmedia&parent=1132"}],"curies":[{"name":"wp","href":"https:\/\/api.w.org\/{rel}","templated":true}]}}